{"id":1007,"date":"2020-07-31T11:11:05","date_gmt":"2020-07-31T09:11:05","guid":{"rendered":"https:\/\/demo.creativethemes.com\/brizy\/travel\/?page_id=1007"},"modified":"2026-04-06T20:12:39","modified_gmt":"2026-04-06T18:12:39","slug":"contact","status":"publish","type":"page","link":"https:\/\/www.frick.fr\/bf\/contact\/","title":{"rendered":"Contact"},"content":{"rendered":"<div class=\"brz-root__container brz-reset-all brz\">\n<section id=\"_auxhunpucbuidvrmpsfddmrphspxzpguttbe\" class=\"brz-section brz-css-dK4qD\">\n<div class=\"brz-section__content brz-section--boxed brz-css-d5tNY brz-css-fW6yX\" data-brz-custom-id=\"vchttbxnypeyailyxhpjcyupocvfphdrilvw\">\n<div class=\"brz-bg\">\n<div class=\"brz-bg-image\"><\/div>\n<\/div>\n<div class=\"brz-container brz-css-w0V56 brz-css-pDs1Y\">\n<div id=\"\" class=\"brz-css-tZ2Vr brz-wrapper\">\n<div class=\"brz-rich-text brz-rich-text__custom brz-css-nEa6u\" data-brz-custom-id=\"tcheqzgxaftclxhflyqnbzzogprrlobxcrck\">\n<div data-brz-translate-text=\"1\">\n<p class=\"brz-text-lg-center brz-tp-lg-heading1 brz-css-cUon2\" data-uniq-id=\"aygct\" data-generated-css=\"brz-css-jmfgk\"><span class=\"brz-cp-color8\">Contact<\/span><\/p>\n<\/div>\n<\/div>\n<\/div>\n<div id=\"\" class=\"brz-css-tZ2Vr brz-wrapper\">\n<div class=\"brz-rich-text brz-rich-text__custom brz-css-nEa6u\" data-brz-custom-id=\"zbiblndtafxrmtwumyjeuurovrscevxvumps\">\n<div data-brz-translate-text=\"1\">\n<p class=\"brz-tp-lg-paragraph brz-text-lg-center brz-css-dHWIi\" data-uniq-id=\"qczwf\" data-generated-css=\"brz-css-ethlc\"><span class=\"brz-cp-color8\">Nos diff\u00e9rents voyages, ici , l\u00e0, ailleurs et \u00e0 venir \ud83d\ude42<\/span><\/p>\n<\/div>\n<\/div>\n<\/div>\n<\/div>\n<\/div>\n<\/section>\n<section id=\"_siehmofalktufjcfjxgfkpttgkojwufqmsjd\" class=\"brz-section brz-css-dK4qD\">\n<div class=\"brz-section__content brz-section--boxed brz-css-d5tNY brz-css-aNfjY\" data-brz-custom-id=\"vzpzbeuscfpnqhkpqchgpoauwjqdcosvknbk\">\n<div class=\"brz-container brz-css-w0V56\">\n<div class=\"brz-row__container brz-css-xJERq\" data-brz-custom-id=\"rkqlenlucivrlqxbavjcvshszxzsykpvqxmh\">\n<div class=\"brz-bg\"><\/div>\n<div class=\"brz-row brz-css-vvItt brz-css-pt4fV\">\n<div class=\"brz-columns brz-css-vwVkS\" data-brz-custom-id=\"zhpojabbtaiqyqgbegtfzmjozwlhwlaulgkh\">\n<div class=\"brz-bg\"><\/div>\n<div class=\"brz-column__items brz-css-hWsh6\">\n<div id=\"\" class=\"brz-css-tZ2Vr brz-wrapper\">\n<div class=\"brz-image brz-css-bjOug\" data-brz-custom-id=\"tfzjcnfuxpconqknlvkolxhwtvvcpesdxbfk\"><img decoding=\"async\" class=\"brz-img\" src=\"https:\/\/www.frick.fr\/bf\/wp-content\/uploads\/brizy\/imgs\/spencer-watson-ioy3bN5Irew-unsplash-622x493x33x0x555x493x1694532418.jpg\" alt=\"\" loading=\"lazy\"><\/div>\n<\/div>\n<\/div>\n<\/div>\n<div class=\"brz-columns brz-css-vwVkS\" data-brz-custom-id=\"ujuqzyairgcrgwndbyyrmjnwbuucfcipidnv\">\n<div class=\"brz-bg\"><\/div>\n<div class=\"brz-column__items brz-css-hWsh6 brz-css-dOn34\">\n<div id=\"\" class=\"brz-css-tZ2Vr brz-wrapper\">\n<div class=\"brz-rich-text brz-rich-text__custom brz-css-nEa6u\" data-brz-custom-id=\"iltxvlwnygaioeiqlpmyvfgzristsihdduve\">\n<div data-brz-translate-text=\"1\">\n<p data-uniq-id=\"zybpb\" data-generated-css=\"brz-css-bsirq\" class=\"brz-fss-lg-px brz-fw-lg-700 brz-ls-lg-0 brz-lh-lg-1_6 brz-tp-lg-empty brz-ff-lato brz-ft-google brz-fs-lg-22 brz-css-eGB2R\"><span class=\"brz-cp-color2\">N&rsquo;h\u00e9sitez pas \u00e0 nous envoyer un message<\/span><\/p>\n<p data-uniq-id=\"ildrx\" data-generated-css=\"brz-css-xwdzg\" class=\"brz-tp-lg-empty brz-ff-lato brz-ft-google brz-fs-lg-18 brz-fss-lg-px brz-fw-lg-400 brz-ls-lg-0 brz-lh-lg-1_6 brz-css-k5szq\"><span class=\"brz-cp-color2\">Nous nous ferons un plaisir de vous r\u00e9pondre <\/span><\/p>\n<\/div>\n<\/div>\n<\/div>\n<div id=\"\" class=\"brz-css-tZ2Vr brz-wrapper\">\n<div data-brz-form-version=\"2\" class=\"brz-forms2 brz-css-zNru0 brz-css-nSbyv\" data-brz-custom-id=\"ukbxzwrnwtkalzludwewpmkqxanhbibqizpb\">\n<div data-brz-translate-text=\"1\" class=\"brz-forms2__item brz-css-sEh9P brz-css-wHxNN\"><\/div>\n<div data-brz-translate-text=\"1\" class=\"brz-forms2__item brz-css-sEh9P brz-css-wHxNN\"><\/div>\n<div data-brz-translate-text=\"1\" class=\"brz-forms2__item brz-css-sEh9P brz-css-wHxNN\"><\/div>\n<div data-brz-translate-text=\"1\" class=\"brz-forms2__item brz-css-sEh9P brz-css-wHxNN brz-css-xS_PF\"><textarea id=\"vtEO4H8mjrKt_\" name=\"hwhqxliqpuoqgutrfgmniyhuzkcycbrmdgwh\" data-brz-type=\"Paragraph\" data-brz-label=\"Message\" data-brz-placeholder=\"Message\" class=\"brz-textarea brz-forms2__field brz-forms2__field-paragraph\"><\/textarea><\/div>\n<div class=\"brz-forms2 brz-forms2__item brz-forms2__item-button\" data-brz-custom-id=\"ukbxzwrnwtkalzludwewpmkqxanhbibqizpb\">\n<div class=\"brz-hover-animation__container\" data-brz-hover-animationid=\"tvbttjgvljeoagpugyxtungynxvpjlkrnato\" data-brz-hover-options=\"%7B%22duration%22:600,%22iterations%22:1%7D\" data-brz-hover-reversible=\"true\" data-brz-hover-target=\"%22firstChild%22\"><button class=\"brz-btn brz-btn-submit brz-css-pLW6b\" data-brz-custom-id=\"tvbttjgvljeoagpugyxtungynxvpjlkrnato\"><span data-brz-translate-text=\"1\" class=\"brz-span brz-text__editor\">Envoyer<\/span><\/button><\/div>\n<\/div>\n<div class=\"brz-g-recaptcha\" data-sitekey=\"\" data-size=\"invisible\" data-callback=\"brzFormV2Captcha\"><\/div>\n<\/div>\n<\/div>\n<\/div>\n<\/div>\n<\/div>\n<\/div>\n<\/div>\n<\/div>\n<\/section>\n<\/div>\n<p>    <!-- version:1734106835 --><\/p>\n","protected":false},"excerpt":{"rendered":"<p>Contact Nos diff\u00e9rents voyages, ici , l\u00e0, ailleurs et \u00e0 venir \ud83d\ude42 N&rsquo;h\u00e9sitez pas \u00e0 nous envoyer un message Nous nous ferons un plaisir de vous r\u00e9pondre Envoyer<\/p>\n","protected":false},"author":1,"featured_media":0,"parent":0,"menu_order":70,"comment_status":"closed","ping_status":"closed","template":"","meta":{"footnotes":""},"class_list":["post-1007","page","type-page","status-publish","hentry"],"blocksy_meta":{"page_title_panel":"","has_hero_section":"disabled","1771f12a820a07ed45e65773790cd9db":"","hero_section":"type-1","hero_elements":[{"id":"custom_title","enabled":true,"heading_tag":"h1","title":"Home"},{"id":"custom_description","enabled":true,"description_visibility":{"desktop":true,"tablet":true,"mobile":false}},{"id":"custom_meta","enabled":false,"meta_elements":[{"id":"author","enabled":true,"label":"By","has_author_avatar":"yes","avatar_size":25},{"id":"post_date","enabled":true,"label":"On","date_format_source":"default","date_format":"M j, Y"},{"id":"comments","enabled":true}],"page_meta_elements":{"joined":true,"articles_count":true,"comments":true}},{"id":"breadcrumbs","enabled":false}],"de81297c00dc7bee5ebf64e3358a4218":"","hero_alignment1":"left","hero_alignment2":"center","hero_vertical_alignment":"center","46f42044daea03805e0810330a181a6f":"","hero_structure":"narrow","6c94e4c00286a5cf6ccfd11aae68e8fe":"","page_title_bg_type":"featured_image","custom_hero_background":{"attachment_id":null},"parallax":{"desktop":false,"tablet":false,"mobile":false},"52b07a49ab75f827710c523d282b5c94":"","hero_height":"230px","pageTitleFont":{"family":"Default","variation":"Default","size":{"desktop":"32px","tablet":"30px","mobile":"25px"},"line-height":"1.3","letter-spacing":"CT_CSS_SKIP_RULE","text-transform":"CT_CSS_SKIP_RULE","text-decoration":"CT_CSS_SKIP_RULE"},"pageTitleFontColor":{"default":{"color":"CT_CSS_SKIP_RULEDEFAULT"}},"pageMetaFont":{"family":"Default","variation":"n6","size":{"desktop":"12px","tablet":"12px","mobile":"12px"},"line-height":"1.3","letter-spacing":"CT_CSS_SKIP_RULE","text-transform":"uppercase","text-decoration":"CT_CSS_SKIP_RULE"},"pageMetaFontColor":{"default":{"color":"CT_CSS_SKIP_RULEDEFAULT"},"hover":{"color":"CT_CSS_SKIP_RULEDEFAULT"}},"pageExcerptFont":{"family":"Default","variation":"n5","size":"CT_CSS_SKIP_RULE","line-height":"CT_CSS_SKIP_RULE","letter-spacing":"CT_CSS_SKIP_RULE","text-transform":"CT_CSS_SKIP_RULE","text-decoration":"CT_CSS_SKIP_RULE"},"pageExcerptColor":{"default":{"color":"CT_CSS_SKIP_RULEDEFAULT"}},"breadcrumbsFont":{"family":"Default","variation":"n6","size":"12px","line-height":"CT_CSS_SKIP_RULE","letter-spacing":"CT_CSS_SKIP_RULE","text-transform":"uppercase","text-decoration":"CT_CSS_SKIP_RULE"},"breadcrumbsFontColor":{"default":{"color":"CT_CSS_SKIP_RULEDEFAULT"},"initial":{"color":"CT_CSS_SKIP_RULEDEFAULT"},"hover":{"color":"CT_CSS_SKIP_RULEDEFAULT"}},"pageTitleOverlay":{"default":{"color":"rgba(41, 51, 60, 0.2)"}},"pageTitleBackground":{"background_type":"color","background_pattern":"type-1","background_image":{"attachment_id":null,"x":0,"y":0},"background_repeat":"no-repeat","background_size":"auto","background_attachment":"scroll","patternColor":{"default":{"color":"#e5e7ea"}},"backgroundColor":{"default":{"color":"#EDEFF2"}}},"aae1148d0265aeabb5736ae52b8d1209":"","page_structure_type":"default","content_style":"inherit","vertical_spacing_source":"custom","content_area_spacing":"none","background":{"background_type":"color","background_pattern":"type-1","background_image":{"attachment_id":null,"x":0,"y":0},"background_repeat":"no-repeat","background_size":"auto","background_attachment":"scroll","patternColor":{"default":{"color":"#e5e7ea"}},"backgroundColor":{"default":{"color":"CT_CSS_SKIP_RULE"}}},"content_background":{"background_type":"color","background_pattern":"type-1","background_image":{"attachment_id":null,"x":0,"y":0},"background_repeat":"no-repeat","background_size":"auto","background_attachment":"scroll","patternColor":{"default":{"color":"#e5e7ea"}},"backgroundColor":{"default":{"color":"#ffffff"}}},"content_boxed_spacing":{"desktop":"40px","tablet":"35px","mobile":"20px"},"content_boxed_radius":{"top":"3px","bottom":"3px","left":"3px","right":"3px","linked":true},"content_boxed_shadow":{"blur":18,"spread":-6,"v_offset":12,"h_offset":0,"inset":false,"enable":true,"color":{"color":"rgba(34, 56, 101, 0.04)"}},"7383365ec97a2fd6c77b8e6a1b0a8051":"","disable_featured_image":"no","disable_header":"no","disable_footer":"no"},"brizy_media":[{"id":225,"url":"https:\/\/www.frick.fr\/bf\/wp-content\/uploads\/2020\/04\/yannick-pulver-410551.jpg","name":"yannick-pulver-410551.jpg","meta":{"brizy_attachment_uid":"wp-38031de7c8d6391cae8acd88a6b48ea1","brizy_post_uid":["8ad3735d3a0f107437fce8be55736bbc"]}},{"id":305,"url":"https:\/\/www.frick.fr\/bf\/wp-content\/uploads\/2020\/04\/spencer-watson-ioy3bN5Irew-unsplash.jpg","name":"spencer-watson-ioy3bN5Irew-unsplash.jpg","meta":{"brizy_attachment_uid":"wp-03ab52e329064ae7e35e65eeaa639f6b","brizy_post_uid":["86f1856921d5f423b8e5209baafa93e0","8ad3735d3a0f107437fce8be55736bbc"]}},{"id":227,"url":"https:\/\/www.frick.fr\/bf\/wp-content\/uploads\/2020\/04\/fabio-comparelli-JYjZDhUjaPU-unsplash-1.jpg","name":"fabio-comparelli-JYjZDhUjaPU-unsplash-1.jpg","meta":{"brizy_attachment_uid":"wp-d485a29972ce24c1332c4a5219a131fc","brizy_post_uid":["86f1856921d5f423b8e5209baafa93e0","8ad3735d3a0f107437fce8be55736bbc","a4ec61de30bd9fee82637a254d2ef2bf"]}}],"_links":{"self":[{"href":"https:\/\/www.frick.fr\/bf\/wp-json\/wp\/v2\/pages\/1007","targetHints":{"allow":["GET"]}}],"collection":[{"href":"https:\/\/www.frick.fr\/bf\/wp-json\/wp\/v2\/pages"}],"about":[{"href":"https:\/\/www.frick.fr\/bf\/wp-json\/wp\/v2\/types\/page"}],"author":[{"embeddable":true,"href":"https:\/\/www.frick.fr\/bf\/wp-json\/wp\/v2\/users\/1"}],"replies":[{"embeddable":true,"href":"https:\/\/www.frick.fr\/bf\/wp-json\/wp\/v2\/comments?post=1007"}],"version-history":[{"count":5,"href":"https:\/\/www.frick.fr\/bf\/wp-json\/wp\/v2\/pages\/1007\/revisions"}],"predecessor-version":[{"id":1044,"href":"https:\/\/www.frick.fr\/bf\/wp-json\/wp\/v2\/pages\/1007\/revisions\/1044"}],"wp:attachment":[{"href":"https:\/\/www.frick.fr\/bf\/wp-json\/wp\/v2\/media?parent=1007"}],"curies":[{"name":"wp","href":"https:\/\/api.w.org\/{rel}","templated":true}]}}